{"id":1619,"date":"2021-08-11T09:55:44","date_gmt":"2021-08-11T07:55:44","guid":{"rendered":"https:\/\/estim-mediation.fr\/en-ligne\/?page_id=1619"},"modified":"2025-10-15T16:46:27","modified_gmt":"2025-10-15T14:46:27","slug":"donnees-personnelles","status":"publish","type":"page","link":"https:\/\/estim-mediation.fr\/en-ligne\/donnees-personnelles\/","title":{"rendered":"Donn\u00e9es personnelles"},"content":{"rendered":"\n<h2 class=\"wp-block-heading\">Pourquoi l&#8217;utilisation de cookies<\/h2>\n\n\n\n<p>L&#8217;ensemble des sites internet de l&#8217;\u00c9cole de la m\u00e9diation (www.estim-mediation.fr, https:\/\/estim-mediation.fr\/en-ligne) utilisent Google Analytics, un outil Google d&#8217;analyse d&#8217;audience Internet permettant aux propri\u00e9taires de sites Web et d&#8217;applications de mieux comprendre le comportement de leurs utilisateurs.\u00a0<\/p>\n\n\n\n<p>Cet outil utilise des cookies pour collecter des informations anonymes et g\u00e9n\u00e9rer des rapports sur les statistiques d&#8217;utilisation des sites internet d&#8217;Universcience, sans que les utilisateurs individuels soient identifi\u00e9s personnellement par Google.<\/p>\n\n\n\n<p>De ce fait, en visitant nos sites un cookie (petit fichier texte) vous est attribu\u00e9 et est stock\u00e9 sur le disque dur de votre terminal.<\/p>\n\n\n\n<p>Nous vous rappelons que seul l&#8217;\u00e9metteur d&#8217;un cookie est susceptible de lire ou de modifier des informations qui y sont contenues.<\/p>\n\n\n\n<h2 class=\"wp-block-heading\">Votre gestion des cookies<\/h2>\n\n\n\n<p>Vous pouvez autoriser ou refuser l&#8217;enregistrement de cookies dans votre terminal avec les param\u00e8tres appropri\u00e9s de votre logiciel de navigation sur Internet.&nbsp;Chaque navigateur \u00e9tant diff\u00e9rent, vous devez v\u00e9rifier dans le menu &#8220;Aide&#8221; de votre navigateur comment modifier les pr\u00e9f\u00e9rences en mati\u00e8re de cookies.&nbsp;<\/p>\n\n\n\n<p>Si vous souhaitez en savoir plus sur&nbsp;ce point, nous vous invitons \u00e0 consulter les conseils d&#8217;utilisation de ces param\u00e8tres, selon le navigateur utilis\u00e9, accessibles sur la page du site internet de la Commission Nationale de l&#8217;Informatique et des Libert\u00e9s :&nbsp;<a href=\"http:\/\/www.cnil.fr\/\" target=\"_blank\" rel=\"noreferrer noopener\">www.cnil.fr<\/a>&nbsp;<\/p>\n\n\n\n<h2 class=\"wp-block-heading\">Cookies \u00e9mis par des tiers<\/h2>\n\n\n\n<p>Nous tenons \u00e9galement \u00e0 vous informer que certaines entreprises tierces sont susceptibles d&#8217;\u00e9mettre des cookies \u00e0 partir de certains espaces accessibles sur notre site. L&#8217;\u00e9mission et l&#8217;utilisation de cookies par ces entreprises sont soumises aux politiques de ces entreprises.<\/p>\n\n\n\n<p>En particulier, nous sommes susceptibles d&#8217;inclure sur notre site des applications informatiques \u00e9manant de tiers, qui vous permettent de partager des contenus de notre site avec d&#8217;autres personnes ou de faire conna\u00eetre \u00e0 ces autres personnes votre consultation ou votre opinion concernant un contenu de notre site. Tel est notamment le cas des boutons &#8220;Partager&#8221;, &#8220;J&#8217;aime&#8221;, issus de r\u00e9seaux sociaux tels que Facebook &#8220;Twitter&#8221;, etc.<\/p>\n\n\n\n<p>Le r\u00e9seau social est susceptible de vous identifier gr\u00e2ce \u00e0 ce bouton, m\u00eame si vous ne l&#8217;avez pas utilis\u00e9 lors de votre consultation de notre site. Ce type de bouton applicatif peut permettre au r\u00e9seau social concern\u00e9 de suivre votre navigation sur notre site, du seul fait que votre compte au r\u00e9seau social \u00e9tait activ\u00e9 sur votre terminal (session ouverte) durant votre navigation sur notre site.<\/p>\n\n\n\n<p>Nous n&#8217;avons aucun contr\u00f4le sur le processus employ\u00e9 par les r\u00e9seaux sociaux pour collecter des informations relatives \u00e0 votre navigation sur notre site et associ\u00e9es aux donn\u00e9es personnelles dont ils disposent. Nous vous invitons \u00e0 consulter les politiques de protection de la vie priv\u00e9e de ces r\u00e9seaux sociaux afin de prendre connaissance des finalit\u00e9s d&#8217;utilisation, notamment publicitaires, des informations de navigation qu&#8217;ils peuvent recueillir gr\u00e2ce \u00e0 ces boutons applicatifs. Ces politiques de protection doivent vous permettre d&#8217;exercer vos choix aupr\u00e8s de ces r\u00e9seaux sociaux, notamment en param\u00e9trant vos comptes d&#8217;utilisation de chacun de ces r\u00e9seaux.<\/p>\n","protected":false},"excerpt":{"rendered":"<p>Pourquoi l&#8217;utilisation de cookies L&#8217;ensemble des sites internet de l&#8217;\u00c9cole de la m\u00e9diation (www.estim-mediation.fr, https:\/\/estim-mediation.fr\/en-ligne) utilisent Google Analytics, un outil Google d&#8217;analyse d&#8217;audience Internet permettant aux propri\u00e9taires de sites Web et d&#8217;applications de mieux comprendre le comportement de leurs utilisateurs.\u00a0 Cet outil utilise des cookies pour collecter des informations anonymes et g\u00e9n\u00e9rer des rapports sur&#8230;<\/p>\n","protected":false},"author":6,"featured_media":0,"parent":0,"menu_order":0,"comment_status":"closed","ping_status":"closed","template":"","meta":{"_editorskit_title_hidden":false,"_editorskit_reading_time":0,"_editorskit_is_block_options_detached":false,"_editorskit_block_options_position":"{}","_kad_post_transparent":"","_kad_post_title":"","_kad_post_layout":"","_kad_post_sidebar_id":"","_kad_post_content_style":"","_kad_post_vertical_padding":"","_kad_post_feature":"","_kad_post_feature_position":"","_kad_post_header":false,"_kad_post_footer":false,"footnotes":""},"class_list":["post-1619","page","type-page","status-publish","hentry"],"_links":{"self":[{"href":"https:\/\/estim-mediation.fr\/en-ligne\/wp-json\/wp\/v2\/pages\/1619","targetHints":{"allow":["GET"]}}],"collection":[{"href":"https:\/\/estim-mediation.fr\/en-ligne\/wp-json\/wp\/v2\/pages"}],"about":[{"href":"https:\/\/estim-mediation.fr\/en-ligne\/wp-json\/wp\/v2\/types\/page"}],"author":[{"embeddable":true,"href":"https:\/\/estim-mediation.fr\/en-ligne\/wp-json\/wp\/v2\/users\/6"}],"replies":[{"embeddable":true,"href":"https:\/\/estim-mediation.fr\/en-ligne\/wp-json\/wp\/v2\/comments?post=1619"}],"version-history":[{"count":3,"href":"https:\/\/estim-mediation.fr\/en-ligne\/wp-json\/wp\/v2\/pages\/1619\/revisions"}],"predecessor-version":[{"id":6848,"href":"https:\/\/estim-mediation.fr\/en-ligne\/wp-json\/wp\/v2\/pages\/1619\/revisions\/6848"}],"wp:attachment":[{"href":"https:\/\/estim-mediation.fr\/en-ligne\/wp-json\/wp\/v2\/media?parent=1619"}],"curies":[{"name":"wp","href":"https:\/\/api.w.org\/{rel}","templated":true}]}}