{"id":2341,"date":"2021-10-06T09:14:19","date_gmt":"2021-10-06T07:14:19","guid":{"rendered":"https:\/\/estim-mediation.fr\/en-ligne\/?page_id=2341"},"modified":"2025-11-25T11:38:21","modified_gmt":"2025-11-25T10:38:21","slug":"mentions-legales","status":"publish","type":"page","link":"https:\/\/estim-mediation.fr\/en-ligne\/mentions-legales\/","title":{"rendered":"Mentions l\u00e9gales"},"content":{"rendered":"\n<h2 class=\"wp-block-heading\"><strong>\u00c9diteur<\/strong><\/h2>\n\n\n\n<p>Ce site internet est le site officiel de l\u2019\u00c9cole de la m\u00e9diation, projet multi-partenarial pilot\u00e9 par Universcience,&nbsp;\u00e9tablissement public du Palais de la d\u00e9couverte et de la Cit\u00e9 des sciences et de l\u2019industrie (EPPDCSI)<\/p>\n\n\n\n<p>Directeur&nbsp;de la publication : Bruno Maquart, pr\u00e9sident d\u2019Universcience<\/p>\n\n\n\n<p>Si\u00e8ge social : Palais de la d\u00e9couverte, avenue Franklin Delano Roosevelt 75008 Paris<\/p>\n\n\n\n<p>Serveur vocal : 01 40 05 80 00<\/p>\n\n\n\n<p><strong>Cit\u00e9 des sciences et de l\u2019industrie :&nbsp;<\/strong>30, avenue Corentin-Cariou, 75019 Paris<\/p>\n\n\n\n<p><strong>Palais de la d\u00e9couverte :&nbsp;<\/strong>Avenue Franklin Delano Roosevelt, 75008 Paris<\/p>\n\n\n\n<p>T\u00e9l\u00e9phone : 01 56 43 20 20 (informations g\u00e9n\u00e9rales)<\/p>\n\n\n\n<h2 class=\"wp-block-heading\"><strong>1- D\u00e9charge de responsabilit\u00e9<\/strong><\/h2>\n\n\n\n<p>Universcience ne pourra en aucun cas \u00eatre tenu pour responsable de tout dommage de quelque nature qu\u2019il soit, r\u00e9sultant de toute impossibilit\u00e9 d\u2019utilisation, d\u2019acc\u00e8s, de toute perte d\u00e9coulant des informations disponibles sur ce serveur et ceci quelle que soit l\u2019origine du pr\u00e9judice. Universcience ne pourra en aucun cas \u00eatre tenu pour responsable de tout dommage de quelque nature qu\u2019il soit r\u00e9sultant de l\u2019interpr\u00e9tation et\/ou de l\u2019utilisation des informations disponibles sur ce serveur.<\/p>\n\n\n\n<h2 class=\"wp-block-heading\"><strong>2- Licence d\u2019utilisation<\/strong><\/h2>\n\n\n\n<p>En acc\u00e9dant \u00e0 ce site \u2013 sauf pour certains documents \u00e0 t\u00e9l\u00e9charger- , vous acceptez une licence conc\u00e9d\u00e9e par Universcience aux conditions d\u00e9finies ci-apr\u00e8s aux articles 1 et 2.<\/p>\n\n\n\n<p>Concernant les documents \u00e0 t\u00e9l\u00e9charger :<br>Tous les documents \u00e0 t\u00e9l\u00e9charger ayant pour auteur L\u2019\u00c9cole de la m\u00e9diation et portant le logo de l\u2019\u00c9cole sur leur premi\u00e8re page sont plac\u00e9s sous la licence suivante :&nbsp;<a href=\"https:\/\/creativecommons.org\/licenses\/by-nc-sa\/3.0\/deed.fr\">https:\/\/creativecommons.org\/licenses\/by-nc-sa\/3.0\/deed.fr<\/a>&nbsp;Attribution \u2013 Pas d\u2019Utilisation Commerciale \u2013 Partage dans les M\u00eames Conditions 3.0 non transpos\u00e9 (CC BY-NC-SA 3.0)<br>Ces documents sont sur la page \u00ab&nbsp;<a href=\"https:\/\/www.estim-mediation.fr\/ressources\/\">Ressources<\/a>&nbsp;\u00bb et plus rarement sur d\u2019autres pages du site comme la page \u00ab&nbsp;<a href=\"https:\/\/www.estim-mediation.fr\/metier\/\">Le m\u00e9tier<\/a>&nbsp;\u00bb.<\/p>\n\n\n\n<p><strong>Article 1<\/strong><\/p>\n\n\n\n<p>Au titre de la pr\u00e9sente licence, sont exclusivement conc\u00e9d\u00e9s les droits suivants :<\/p>\n\n\n\n<ul class=\"wp-block-list\">\n<li>un droit d\u2019usage priv\u00e9, individuel, personnel et non transmissible sur le contenu du site ou de l\u2019un de ses \u00e9l\u00e9ments;<\/li>\n\n\n\n<li>un droit de reproduction pour stockage aux fins de repr\u00e9sentation sur un \u00e9cran monoposte et de reproduction, en un exemplaire, pour copie de sauvegarde ou tirage sur papier.<\/li>\n<\/ul>\n\n\n\n<p><strong>Article 2<\/strong><\/p>\n\n\n\n<p>Est express\u00e9ment interdite toute repr\u00e9sentation et\/ou reproduction, m\u00eame partielle du contenu de ce site et\/ou de l\u2019un de ses \u00e9l\u00e9ments et notamment :<\/p>\n\n\n\n<ul class=\"wp-block-list\">\n<li>toute exploitation \u00e0 but commercial;<\/li>\n\n\n\n<li>toute utilisation de l\u2019un des \u00e9l\u00e9ments du site dans un environnement informatique en r\u00e9seau;<\/li>\n\n\n\n<li>toute copie des mots-clefs utilis\u00e9s dans ses pages pour r\u00e9f\u00e9rencer un autre site et entrer ainsi en concurrence avec Universcience;<\/li>\n\n\n\n<li>tout lien depuis un site illicite (\u00e0 caract\u00e8re raciste, pornographique\u2026) vers celui d\u2019Universcience;<\/li>\n\n\n\n<li>toute pr\u00e9sentation, notamment par le m\u00e9canisme des liens, d\u2019une page de ce site dans un cadre n\u2019appartenant pas \u00e0 Universcience et l\u2019insertion d\u2019une image appartenant \u00e0 Universcience dans une page ne lui appartenant pas;<\/li>\n\n\n\n<li>l\u2019extraction r\u00e9p\u00e9t\u00e9e et syst\u00e9matique d\u2019\u00e9l\u00e9ments m\u00eame non prot\u00e9g\u00e9s du site causant un pr\u00e9judice \u00e0 Universcience.<\/li>\n<\/ul>\n\n\n\n<h2 class=\"wp-block-heading\"><strong>3- Mention des droits<\/strong><\/h2>\n\n\n\n<p>Les textes et \u00e9l\u00e9ments graphiques, leur pr\u00e9sentation et leur assemblage figurant dans ce site, les productions vid\u00e9o et sonores et d\u2019une mani\u00e8re g\u00e9n\u00e9rale tous les documents contenus dans ce site, sont la propri\u00e9t\u00e9 exclusive d\u2019Universcience (sauf pour la Frise de la culture scientifique et certains documents \u00e0 t\u00e9l\u00e9charger, lire ci-dessus). Ils constituent des \u0153uvres de l\u2019esprit et sont prot\u00e9g\u00e9s en tant que telles par les lois des pays du monde entier et les trait\u00e9s internationaux. Le nom d\u2019Universcience et son logo sont prot\u00e9g\u00e9s \u00e0 titre de marques.<\/p>\n\n\n\n<p>Universcience se r\u00e9serve le droit de modifier ces conditions \u00e0 tout moment.<\/p>\n\n\n\n<p>Universcience se r\u00e9serve le droit de modifier ou de corriger le contenu de ce site \u00e0 tout moment et sans pr\u00e9avis.<\/p>\n\n\n\n<p>Tous les droits qui ne sont pas express\u00e9ment conc\u00e9d\u00e9s aux termes des pr\u00e9sentes sont r\u00e9serv\u00e9s par Universcience.<\/p>\n\n\n\n<ul class=\"wp-block-list\">\n<li>toute exploitation \u00e0 but commercial;<\/li>\n\n\n\n<li>toute utilisation de l\u2019un des \u00e9l\u00e9ments du site dans un environnement informatique en r\u00e9seau;<\/li>\n\n\n\n<li>toute copie des mots-clefs utilis\u00e9s dans ses pages pour r\u00e9f\u00e9rencer un autre site et entrer ainsi en concurrence avec Universcience;<\/li>\n\n\n\n<li>tout lien depuis un site illicite (\u00e0 caract\u00e8re raciste, pornographique\u2026) vers celui d\u2019Universcience;<\/li>\n\n\n\n<li>toute pr\u00e9sentation, notamment par le m\u00e9canisme des liens, d\u2019une page de ce site dans un cadre n\u2019appartenant pas \u00e0 Universcience et l\u2019insertion d\u2019une image appartenant \u00e0 Universcience dans une page ne lui appartenant pas;<\/li>\n<\/ul>\n\n\n\n<h2 class=\"wp-block-heading\">4<strong>&#8211; H\u00e9bergement<\/strong><\/h2>\n\n\n\n<p>LCe site est h\u00e9berg\u00e9 sur les serveurs de la soci\u00e9t\u00e9 OVH *<a href=\"http:\/\/www.ovh.com\/\">www.ovh.com<\/a>*<br>Si\u00e8ge social : 2 rue Kellermann \u2013 59100 Roubaix \u2013 France<br>T\u00e9l : 1007*<br>T\u00e9l : +33 9 72 10 10 07**<br>*num\u00e9ro unique gratuit gratuit depuis un poste fixe, hors surco\u00fbt \u00e9ventuel selon op\u00e9rateur depuis une ligne mobile.<br>**Prix d\u2019un appel vers un poste fixe en France<\/p>\n","protected":false},"excerpt":{"rendered":"<p>\u00c9diteur Ce site internet est le site officiel de l\u2019\u00c9cole de la m\u00e9diation, projet multi-partenarial pilot\u00e9 par Universcience,&nbsp;\u00e9tablissement public du Palais de la d\u00e9couverte et de la Cit\u00e9 des sciences et de l\u2019industrie (EPPDCSI) Directeur&nbsp;de la publication : Bruno Maquart, pr\u00e9sident d\u2019Universcience Si\u00e8ge social : Palais de la d\u00e9couverte, avenue Franklin Delano Roosevelt 75008 Paris&#8230;<\/p>\n","protected":false},"author":6,"featured_media":0,"parent":0,"menu_order":0,"comment_status":"closed","ping_status":"closed","template":"","meta":{"_editorskit_title_hidden":false,"_editorskit_reading_time":0,"_editorskit_is_block_options_detached":false,"_editorskit_block_options_position":"{}","_kad_post_transparent":"","_kad_post_title":"","_kad_post_layout":"","_kad_post_sidebar_id":"","_kad_post_content_style":"","_kad_post_vertical_padding":"","_kad_post_feature":"","_kad_post_feature_position":"","_kad_post_header":false,"_kad_post_footer":false,"footnotes":""},"class_list":["post-2341","page","type-page","status-publish","hentry"],"_links":{"self":[{"href":"https:\/\/estim-mediation.fr\/en-ligne\/wp-json\/wp\/v2\/pages\/2341","targetHints":{"allow":["GET"]}}],"collection":[{"href":"https:\/\/estim-mediation.fr\/en-ligne\/wp-json\/wp\/v2\/pages"}],"about":[{"href":"https:\/\/estim-mediation.fr\/en-ligne\/wp-json\/wp\/v2\/types\/page"}],"author":[{"embeddable":true,"href":"https:\/\/estim-mediation.fr\/en-ligne\/wp-json\/wp\/v2\/users\/6"}],"replies":[{"embeddable":true,"href":"https:\/\/estim-mediation.fr\/en-ligne\/wp-json\/wp\/v2\/comments?post=2341"}],"version-history":[{"count":3,"href":"https:\/\/estim-mediation.fr\/en-ligne\/wp-json\/wp\/v2\/pages\/2341\/revisions"}],"predecessor-version":[{"id":6975,"href":"https:\/\/estim-mediation.fr\/en-ligne\/wp-json\/wp\/v2\/pages\/2341\/revisions\/6975"}],"wp:attachment":[{"href":"https:\/\/estim-mediation.fr\/en-ligne\/wp-json\/wp\/v2\/media?parent=2341"}],"curies":[{"name":"wp","href":"https:\/\/api.w.org\/{rel}","templated":true}]}}