{"id":776,"date":"2021-07-21T16:35:21","date_gmt":"2021-07-21T14:35:21","guid":{"rendered":"https:\/\/estim-mediation.fr\/en-ligne\/?page_id=776"},"modified":"2025-05-21T14:22:19","modified_gmt":"2025-05-21T12:22:19","slug":"qui-sommes-nous","status":"publish","type":"page","link":"https:\/\/estim-mediation.fr\/en-ligne\/qui-sommes-nous\/","title":{"rendered":"\u00c0 propos"},"content":{"rendered":"\n<h3 class=\"wp-block-heading\">L&#8217;<strong>\u00c9<\/strong>cole de la M\u00e9diation<\/h3>\n\n\n\n<p>L\u2019\u00c9cole de la M\u00e9diation est un centre de formation continue pour valoriser les m\u00e9tiers et comp\u00e9tences de la m\u00e9diation scientifique et culturelle.<\/p>\n\n\n\n<p>Notre structure est engag\u00e9e dans une d\u00e9marche d\u2019am\u00e9lioration continue, d&#8217;\u00e9valuation de nos actions et de veille r\u00e9guli\u00e8re sur les innovations du secteur.<\/p>\n\n\n\n<p>Nous organisons des formations courtes anim\u00e9es par des formateurs et formatrices certifi\u00e9s ayant une exp\u00e9rience de m\u00e9diation culturelle scientifique. Toutes les formations \u00e9quilibrent \u00e9clairages th\u00e9oriques et \u00e9changes d\u2019exp\u00e9riences, m\u00e9thodes et pratiques faciles \u00e0 mettre en place de retour dans sa structure.<\/p>\n\n\n\n<h3 class=\"wp-block-heading\">Nos missions<\/h3>\n\n\n\n<p>1 &#8211; <span style=\"font-size: revert; color: var(--global-palette4); font-family: &quot;Open Sans&quot;, var(--global-fallback-font);\">Accompagner la mont\u00e9e en comp\u00e9tences des pros de la m\u00e9diation, de la diffusion et de la production des connaissancesCr\u00e9er des espaces de dialogue entre pratiques et recherches<\/span> <\/p>\n\n\n\n<p>2 &#8211; Documenter les transformations de la culture scientifique technique et industrielle<\/p>\n\n\n\n<p>3 &#8211; D\u00e9velopper la r\u00e9flexivit\u00e9 sur la m\u00e9diation<\/p>\n\n\n\n<p>4 &#8211; Valoriser un m\u00e9tier et ses valeurs : Inclusion ; accessibilit\u00e9, participation, esprit critique, encapacitation des citoyen.ne<\/p>\n\n\n\n<h3 class=\"wp-block-heading\">Nos formatrices<\/h3>\n\n\n\n<div class=\"wp-block-columns is-layout-flex wp-container-core-columns-is-layout-9d6595d7 wp-block-columns-is-layout-flex\">\n<div class=\"wp-block-column is-layout-flow wp-block-column-is-layout-flow\">\n<p class=\"has-text-align-center\"><strong>Catherine Oualian<\/strong><\/p>\n\n\n<div class=\"align wp-block-vpb-video\" id='vpbVideoPlayer-1' data-attributes='{&quot;clientId&quot;:&quot;2e17064f-d&quot;,&quot;source&quot;:&quot;https:\\\/\\\/estim-mediation.fr\\\/en-ligne\\\/wp-content\\\/uploads\\\/2022\\\/06\\\/VIDEO-000-Presentation-Catherine-Oualian-1.mp4&quot;,&quot;poster&quot;:&quot;https:\\\/\\\/estim-mediation.fr\\\/en-ligne\\\/wp-content\\\/uploads\\\/2022\\\/06\\\/SCREEN-VIDEO-000-Presentation-Catherine-Oualian.png&quot;,&quot;controls&quot;:{&quot;play-large&quot;:true,&quot;restart&quot;:true,&quot;rewind&quot;:true,&quot;play&quot;:true,&quot;fast-forward&quot;:true,&quot;progress&quot;:true,&quot;current-time&quot;:true,&quot;duration&quot;:false,&quot;mute&quot;:true,&quot;volume&quot;:true,&quot;pip&quot;:false,&quot;airplay&quot;:false,&quot;settings&quot;:true,&quot;download&quot;:false,&quot;fullscreen&quot;:true},&quot;align&quot;:&quot;&quot;,&quot;width&quot;:&quot;100%&quot;,&quot;radius&quot;:&quot;0px&quot;,&quot;repeat&quot;:false,&quot;autoplay&quot;:false,&quot;muted&quot;:false,&quot;resetOnEnd&quot;:false,&quot;autoHideControl&quot;:true}'><\/div><\/div>\n\n\n\n<div class=\"wp-block-column is-layout-flow wp-block-column-is-layout-flow\"><\/div>\n\n\n\n<div class=\"wp-block-column editorskit-no-desktop editorskit-no-tablet editorskit-no-mobile is-layout-flow wp-block-column-is-layout-flow\">\n<p class=\"has-text-align-center\"><strong> No\u00ebmie Lozac&#8217;h-Vilain <\/strong><\/p>\n\n\n<div class=\"align wp-block-vpb-video\" id='vpbVideoPlayer-2' data-attributes='{&quot;clientId&quot;:&quot;be6b3dca-3&quot;,&quot;source&quot;:&quot;https:\\\/\\\/estim-mediation.fr\\\/en-ligne\\\/wp-content\\\/uploads\\\/2022\\\/06\\\/VIDEO-00-Presentation-Noemie-Lozach-Vilain.mp4&quot;,&quot;poster&quot;:&quot;https:\\\/\\\/estim-mediation.fr\\\/en-ligne\\\/wp-content\\\/uploads\\\/2022\\\/06\\\/SCREEN-VIDEO-00-Presentation-Noemie-Lozach-Vilain.png&quot;,&quot;controls&quot;:{&quot;play-large&quot;:true,&quot;restart&quot;:true,&quot;rewind&quot;:true,&quot;play&quot;:true,&quot;fast-forward&quot;:true,&quot;progress&quot;:true,&quot;current-time&quot;:true,&quot;duration&quot;:false,&quot;mute&quot;:true,&quot;volume&quot;:true,&quot;pip&quot;:false,&quot;airplay&quot;:false,&quot;settings&quot;:true,&quot;download&quot;:false,&quot;fullscreen&quot;:true},&quot;align&quot;:&quot;&quot;,&quot;width&quot;:&quot;100%&quot;,&quot;radius&quot;:&quot;0px&quot;,&quot;repeat&quot;:false,&quot;autoplay&quot;:false,&quot;muted&quot;:false,&quot;resetOnEnd&quot;:false,&quot;autoHideControl&quot;:true}'><\/div><\/div>\n<\/div>\n\n\n\n<p><\/p>\n","protected":false},"excerpt":{"rendered":"<p>L&#8217;\u00c9cole de la M\u00e9diation L\u2019\u00c9cole de la M\u00e9diation est un centre de formation continue pour valoriser les m\u00e9tiers et comp\u00e9tences de la m\u00e9diation scientifique et culturelle. Notre structure est engag\u00e9e dans une d\u00e9marche d\u2019am\u00e9lioration continue, d&#8217;\u00e9valuation de nos actions et de veille r\u00e9guli\u00e8re sur les innovations du secteur. Nous organisons des formations courtes anim\u00e9es par&#8230;<\/p>\n","protected":false},"author":1,"featured_media":0,"parent":0,"menu_order":0,"comment_status":"closed","ping_status":"closed","template":"","meta":{"_editorskit_title_hidden":false,"_editorskit_reading_time":0,"_editorskit_is_block_options_detached":false,"_editorskit_block_options_position":"{}","_kad_post_transparent":"","_kad_post_title":"","_kad_post_layout":"","_kad_post_sidebar_id":"","_kad_post_content_style":"","_kad_post_vertical_padding":"","_kad_post_feature":"","_kad_post_feature_position":"","_kad_post_header":false,"_kad_post_footer":false,"footnotes":""},"class_list":["post-776","page","type-page","status-publish","hentry"],"_links":{"self":[{"href":"https:\/\/estim-mediation.fr\/en-ligne\/wp-json\/wp\/v2\/pages\/776","targetHints":{"allow":["GET"]}}],"collection":[{"href":"https:\/\/estim-mediation.fr\/en-ligne\/wp-json\/wp\/v2\/pages"}],"about":[{"href":"https:\/\/estim-mediation.fr\/en-ligne\/wp-json\/wp\/v2\/types\/page"}],"author":[{"embeddable":true,"href":"https:\/\/estim-mediation.fr\/en-ligne\/wp-json\/wp\/v2\/users\/1"}],"replies":[{"embeddable":true,"href":"https:\/\/estim-mediation.fr\/en-ligne\/wp-json\/wp\/v2\/comments?post=776"}],"version-history":[{"count":24,"href":"https:\/\/estim-mediation.fr\/en-ligne\/wp-json\/wp\/v2\/pages\/776\/revisions"}],"predecessor-version":[{"id":6289,"href":"https:\/\/estim-mediation.fr\/en-ligne\/wp-json\/wp\/v2\/pages\/776\/revisions\/6289"}],"wp:attachment":[{"href":"https:\/\/estim-mediation.fr\/en-ligne\/wp-json\/wp\/v2\/media?parent=776"}],"curies":[{"name":"wp","href":"https:\/\/api.w.org\/{rel}","templated":true}]}}